{"id":1400,"date":"2023-12-07T23:17:57","date_gmt":"2023-12-07T23:17:57","guid":{"rendered":"https:\/\/termica.net\/?page_id=1400"},"modified":"2025-04-30T01:43:31","modified_gmt":"2025-04-30T01:43:31","slug":"acerca-de-nosotros","status":"publish","type":"page","link":"https:\/\/termica.net\/index.php\/acerca-de-nosotros\/","title":{"rendered":"Acerca de nosotros"},"content":{"rendered":"\t\t<div data-elementor-type=\"wp-page\" data-elementor-id=\"1400\" class=\"elementor elementor-1400\" data-elementor-post-type=\"page\">\n\t\t\t\t<div class=\"elementor-element elementor-element-f73d08 e-con-full e-flex e-con e-parent\" data-id=\"f73d08\" data-element_type=\"container\" data-settings=\"{&quot;background_background&quot;:&quot;classic&quot;}\">\n\t\t\t\t<\/div>\n\t\t<div class=\"elementor-element elementor-element-5e28f64c e-flex e-con-boxed e-con e-parent\" data-id=\"5e28f64c\" data-element_type=\"container\">\n\t\t\t\t\t<div class=\"e-con-inner\">\n\t\t\t\t<div class=\"elementor-element elementor-element-7ebdd60e elementor-widget elementor-widget-heading\" data-id=\"7ebdd60e\" data-element_type=\"widget\" data-widget_type=\"heading.default\">\n\t\t\t\t<div class=\"elementor-widget-container\">\n\t\t\t\t\t<h1 class=\"elementor-heading-title elementor-size-default\">Nuestra<span style=\"color: #4282FF\"> Visi\u00f3n, Misi\u00f3n y Valores<\/span><\/h1>\t\t\t\t<\/div>\n\t\t\t\t<\/div>\n\t\t\t\t<div class=\"elementor-element elementor-element-286abdfc elementor-widget elementor-widget-text-editor\" data-id=\"286abdfc\" data-element_type=\"widget\" data-settings=\"{&quot;_animation&quot;:&quot;none&quot;}\" data-widget_type=\"text-editor.default\">\n\t\t\t\t<div class=\"elementor-widget-container\">\n\t\t\t\t\t\t\t\t\t<p>En Termica, nos dedicamos a proporcionar soluciones de HVAC de alta calidad que satisfagan las necesidades de nuestros clientes.<\/p>\t\t\t\t\t\t\t\t<\/div>\n\t\t\t\t<\/div>\n\t\t\t\t<div class=\"elementor-element elementor-element-57494d09 elementor-widget elementor-widget-heading\" data-id=\"57494d09\" data-element_type=\"widget\" data-widget_type=\"heading.default\">\n\t\t\t\t<div class=\"elementor-widget-container\">\n\t\t\t\t\t<h2 class=\"elementor-heading-title elementor-size-default\">Nuestra misi\u00f3n \n<\/h2>\t\t\t\t<\/div>\n\t\t\t\t<\/div>\n\t\t\t\t<div class=\"elementor-element elementor-element-6e15045f elementor-widget elementor-widget-text-editor\" data-id=\"6e15045f\" data-element_type=\"widget\" data-settings=\"{&quot;_animation&quot;:&quot;none&quot;}\" data-widget_type=\"text-editor.default\">\n\t\t\t\t<div class=\"elementor-widget-container\">\n\t\t\t\t\t\t\t\t\t<p class=\"p1\"><span class=\"s1\">Dise\u00f1ar y proveer proyectos y<span class=\"Apple-converted-space\">\u00a0 <\/span>servicios especializados en<span class=\"Apple-converted-space\">\u00a0 <\/span>temperatura,<span class=\"Apple-converted-space\">\u00a0 <\/span>fluidos y energ\u00eda.<span class=\"Apple-converted-space\">\u00a0 <\/span>A<span class=\"Apple-converted-space\">\u00a0 <\/span>trav\u00e9s de la mejora continua en nuestros procesos, creamos<span class=\"Apple-converted-space\">\u00a0 <\/span>soluciones innovadoras, seguras, eficientes y sustentables en ambiente artificial controlado<span class=\"Apple-converted-space\">\u00a0 <\/span>y<span class=\"Apple-converted-space\">\u00a0 <\/span>procesos industriales, <span class=\"Apple-converted-space\">\u00a0 <\/span>elevando<span class=\"Apple-converted-space\">\u00a0 <\/span>la calidad de vida en nuestro planeta.<\/span><\/p>\t\t\t\t\t\t\t\t<\/div>\n\t\t\t\t<\/div>\n\t\t\t\t<div class=\"elementor-element elementor-element-1767ccc5 elementor-widget elementor-widget-heading\" data-id=\"1767ccc5\" data-element_type=\"widget\" data-widget_type=\"heading.default\">\n\t\t\t\t<div class=\"elementor-widget-container\">\n\t\t\t\t\t<h2 class=\"elementor-heading-title elementor-size-default\">Nuestra visi\u00f3n<\/h2>\t\t\t\t<\/div>\n\t\t\t\t<\/div>\n\t\t\t\t<div class=\"elementor-element elementor-element-118c7857 elementor-widget elementor-widget-text-editor\" data-id=\"118c7857\" data-element_type=\"widget\" data-settings=\"{&quot;_animation&quot;:&quot;none&quot;}\" data-widget_type=\"text-editor.default\">\n\t\t\t\t<div class=\"elementor-widget-container\">\n\t\t\t\t\t\t\t\t\t<p class=\"p1\"><span class=\"s1\">Ser una marca reconocida y certificada<span class=\"Apple-converted-space\">\u00a0 <\/span>internacionalmente y trascender por generaciones.<span class=\"Apple-converted-space\">\u00a0 <\/span>Consolidar nuestra organizaci\u00f3n a trav\u00e9s de la creaci\u00f3n de<span class=\"Apple-converted-space\">\u00a0 <\/span>diversas unidades de negocio como la manufactura de productos afines a nuestra industria<span class=\"Apple-converted-space\">\u00a0 <\/span>con tecnolog\u00edas de punta.<span class=\"Apple-converted-space\">\u00a0 <\/span>Generar bienestar personal, econ\u00f3mico y profesional de nuestros colaboradores y accionistas,<span class=\"Apple-converted-space\">\u00a0 <\/span>inspirar orgullo, pasi\u00f3n y compromiso ante la comunidad.<\/span><\/p>\t\t\t\t\t\t\t\t<\/div>\n\t\t\t\t<\/div>\n\t\t\t\t<div class=\"elementor-element elementor-element-73680aea elementor-widget elementor-widget-heading\" data-id=\"73680aea\" data-element_type=\"widget\" data-widget_type=\"heading.default\">\n\t\t\t\t<div class=\"elementor-widget-container\">\n\t\t\t\t\t<h2 class=\"elementor-heading-title elementor-size-default\">Nuestros valores<\/h2>\t\t\t\t<\/div>\n\t\t\t\t<\/div>\n\t\t\t\t<div class=\"elementor-element elementor-element-fe73675 elementor-icon-list--layout-traditional elementor-list-item-link-full_width elementor-widget elementor-widget-icon-list\" data-id=\"fe73675\" data-element_type=\"widget\" data-widget_type=\"icon-list.default\">\n\t\t\t\t<div class=\"elementor-widget-container\">\n\t\t\t\t\t\t\t<ul class=\"elementor-icon-list-items\">\n\t\t\t\t\t\t\t<li class=\"elementor-icon-list-item\">\n\t\t\t\t\t\t\t\t\t\t\t<span class=\"elementor-icon-list-icon\">\n\t\t\t\t\t\t\t<i aria-hidden=\"true\" class=\"fas fa-check\"><\/i>\t\t\t\t\t\t<\/span>\n\t\t\t\t\t\t\t\t\t\t<span class=\"elementor-icon-list-text\">Honestidad<\/span>\n\t\t\t\t\t\t\t\t\t<\/li>\n\t\t\t\t\t\t\t\t<li class=\"elementor-icon-list-item\">\n\t\t\t\t\t\t\t\t\t\t\t<span class=\"elementor-icon-list-icon\">\n\t\t\t\t\t\t\t<i aria-hidden=\"true\" class=\"fas fa-check\"><\/i>\t\t\t\t\t\t<\/span>\n\t\t\t\t\t\t\t\t\t\t<span class=\"elementor-icon-list-text\">Etica<\/span>\n\t\t\t\t\t\t\t\t\t<\/li>\n\t\t\t\t\t\t\t\t<li class=\"elementor-icon-list-item\">\n\t\t\t\t\t\t\t\t\t\t\t<span class=\"elementor-icon-list-icon\">\n\t\t\t\t\t\t\t<i aria-hidden=\"true\" class=\"fas fa-check\"><\/i>\t\t\t\t\t\t<\/span>\n\t\t\t\t\t\t\t\t\t\t<span class=\"elementor-icon-list-text\">Compromiso<\/span>\n\t\t\t\t\t\t\t\t\t<\/li>\n\t\t\t\t\t\t\t\t<li class=\"elementor-icon-list-item\">\n\t\t\t\t\t\t\t\t\t\t\t<span class=\"elementor-icon-list-icon\">\n\t\t\t\t\t\t\t<i aria-hidden=\"true\" class=\"fas fa-check\"><\/i>\t\t\t\t\t\t<\/span>\n\t\t\t\t\t\t\t\t\t\t<span class=\"elementor-icon-list-text\">Profesionalismo<\/span>\n\t\t\t\t\t\t\t\t\t<\/li>\n\t\t\t\t\t\t\t\t<li class=\"elementor-icon-list-item\">\n\t\t\t\t\t\t\t\t\t\t\t<span class=\"elementor-icon-list-icon\">\n\t\t\t\t\t\t\t<i aria-hidden=\"true\" class=\"fas fa-check\"><\/i>\t\t\t\t\t\t<\/span>\n\t\t\t\t\t\t\t\t\t\t<span class=\"elementor-icon-list-text\">Transparencia<\/span>\n\t\t\t\t\t\t\t\t\t<\/li>\n\t\t\t\t\t\t\t\t<li class=\"elementor-icon-list-item\">\n\t\t\t\t\t\t\t\t\t\t\t<span class=\"elementor-icon-list-icon\">\n\t\t\t\t\t\t\t<i aria-hidden=\"true\" class=\"fas fa-check\"><\/i>\t\t\t\t\t\t<\/span>\n\t\t\t\t\t\t\t\t\t\t<span class=\"elementor-icon-list-text\">Innovaci\u00f3n<\/span>\n\t\t\t\t\t\t\t\t\t<\/li>\n\t\t\t\t\t\t\t\t<li class=\"elementor-icon-list-item\">\n\t\t\t\t\t\t\t\t\t\t\t<span class=\"elementor-icon-list-icon\">\n\t\t\t\t\t\t\t<i aria-hidden=\"true\" class=\"fas fa-check\"><\/i>\t\t\t\t\t\t<\/span>\n\t\t\t\t\t\t\t\t\t\t<span class=\"elementor-icon-list-text\">Calidad humana<\/span>\n\t\t\t\t\t\t\t\t\t<\/li>\n\t\t\t\t\t\t\t\t<li class=\"elementor-icon-list-item\">\n\t\t\t\t\t\t\t\t\t\t\t<span class=\"elementor-icon-list-icon\">\n\t\t\t\t\t\t\t<i aria-hidden=\"true\" class=\"fas fa-check\"><\/i>\t\t\t\t\t\t<\/span>\n\t\t\t\t\t\t\t\t\t\t<span class=\"elementor-icon-list-text\">Actitud de servicio<\/span>\n\t\t\t\t\t\t\t\t\t<\/li>\n\t\t\t\t\t\t<\/ul>\n\t\t\t\t\t\t<\/div>\n\t\t\t\t<\/div>\n\t\t\t\t\t<\/div>\n\t\t\t\t<\/div>\n\t\t\t\t<\/div>\n\t\t","protected":false},"excerpt":{"rendered":"<p>Nuestra Visi\u00f3n, Misi\u00f3n y Valores En Termica, nos dedicamos a proporcionar soluciones de HVAC de alta calidad que satisfagan las necesidades de nuestros clientes. Nuestra misi\u00f3n Dise\u00f1ar y proveer proyectos y\u00a0 servicios especializados en\u00a0 temperatura,\u00a0 fluidos y energ\u00eda.\u00a0 A\u00a0 trav\u00e9s de la mejora continua en nuestros procesos, creamos\u00a0 soluciones innovadoras, seguras, eficientes y sustentables en [&hellip;]<\/p>\n","protected":false},"author":1,"featured_media":0,"parent":0,"menu_order":0,"comment_status":"closed","ping_status":"closed","template":"","meta":{"_jet_sm_ready_style":"","_jet_sm_style":"","_jet_sm_controls_values":"","_jet_sm_fonts_collection":"","_jet_sm_fonts_links":"","footnotes":""},"class_list":["post-1400","page","type-page","status-publish","hentry"],"_links":{"self":[{"href":"https:\/\/termica.net\/index.php\/wp-json\/wp\/v2\/pages\/1400","targetHints":{"allow":["GET"]}}],"collection":[{"href":"https:\/\/termica.net\/index.php\/wp-json\/wp\/v2\/pages"}],"about":[{"href":"https:\/\/termica.net\/index.php\/wp-json\/wp\/v2\/types\/page"}],"author":[{"embeddable":true,"href":"https:\/\/termica.net\/index.php\/wp-json\/wp\/v2\/users\/1"}],"replies":[{"embeddable":true,"href":"https:\/\/termica.net\/index.php\/wp-json\/wp\/v2\/comments?post=1400"}],"version-history":[{"count":52,"href":"https:\/\/termica.net\/index.php\/wp-json\/wp\/v2\/pages\/1400\/revisions"}],"predecessor-version":[{"id":1495,"href":"https:\/\/termica.net\/index.php\/wp-json\/wp\/v2\/pages\/1400\/revisions\/1495"}],"wp:attachment":[{"href":"https:\/\/termica.net\/index.php\/wp-json\/wp\/v2\/media?parent=1400"}],"curies":[{"name":"wp","href":"https:\/\/api.w.org\/{rel}","templated":true}]}}